{"id":2,"date":"2024-09-15T14:32:26","date_gmt":"2024-09-15T14:32:26","guid":{"rendered":"https:\/\/www.camilaoliveira.net\/blog\/?page_id=2"},"modified":"2024-10-30T17:51:24","modified_gmt":"2024-10-30T17:51:24","slug":"sample-page","status":"publish","type":"page","link":"https:\/\/www.camilaoliveira.net\/blog\/sample-page\/","title":{"rendered":"Sobre"},"content":{"rendered":"\n<p>Sonhadora, paciente, introspectiva e curiosa. Adoro as coisas simples da vida; andar e observar o ambiente, a natureza; comer um doce de vez enquanto, em especial bolos e sorvetes; ri das pequenas coisas; assisti a um bom filme ou uma s\u00e9rie em uma tarde de domingo; viajar; churrascos; praticar esportes com meu marido; jogar uma boa partida de baralho; jogos de tabuleiro; rever velhas fotografias; ouvir m\u00fasica e relembrar os bons momentos; ouvir m\u00fasica e criar bons momentos; ler um bom livro que me fa\u00e7a sorrir ou chorar; dan\u00e7ar sozinha no quarto; a sensa\u00e7\u00f5es de diversos tipos como a do sucesso, a de chegar a um lugar completamente novo e a de aprender.<\/p>\n\n\n\n<figure class=\"wp-block-image size-large\"><img loading=\"lazy\" decoding=\"async\" width=\"1024\" height=\"768\" src=\"https:\/\/www.camilaoliveira.net\/blog\/wp-content\/uploads\/2024\/10\/Imagem-do-WhatsApp-de-2024-10-30-as-14.49.42_07a13b2f-1024x768.jpg\" alt=\"\" class=\"wp-image-26\" srcset=\"https:\/\/www.camilaoliveira.net\/blog\/wp-content\/uploads\/2024\/10\/Imagem-do-WhatsApp-de-2024-10-30-as-14.49.42_07a13b2f-1024x768.jpg 1024w, https:\/\/www.camilaoliveira.net\/blog\/wp-content\/uploads\/2024\/10\/Imagem-do-WhatsApp-de-2024-10-30-as-14.49.42_07a13b2f-300x225.jpg 300w, https:\/\/www.camilaoliveira.net\/blog\/wp-content\/uploads\/2024\/10\/Imagem-do-WhatsApp-de-2024-10-30-as-14.49.42_07a13b2f-768x576.jpg 768w, https:\/\/www.camilaoliveira.net\/blog\/wp-content\/uploads\/2024\/10\/Imagem-do-WhatsApp-de-2024-10-30-as-14.49.42_07a13b2f.jpg 1280w\" sizes=\"auto, (max-width: 1024px) 100vw, 1024px\" \/><\/figure>\n","protected":false},"excerpt":{"rendered":"<p>Sonhadora, paciente, introspectiva e curiosa. Adoro as coisas simples da vida; andar e observar o ambiente, a natureza; comer um doce de vez enquanto, em especial bolos e sorvetes; ri das pequenas coisas; assisti a um bom filme ou uma s\u00e9rie em uma tarde de domingo; viajar; churrascos; praticar esportes com meu marido; jogar uma [&hellip;]<\/p>\n","protected":false},"author":1,"featured_media":0,"parent":0,"menu_order":0,"comment_status":"closed","ping_status":"open","template":"","meta":{"footnotes":""},"class_list":["post-2","page","type-page","status-publish","hentry"],"_links":{"self":[{"href":"https:\/\/www.camilaoliveira.net\/blog\/wp-json\/wp\/v2\/pages\/2","targetHints":{"allow":["GET"]}}],"collection":[{"href":"https:\/\/www.camilaoliveira.net\/blog\/wp-json\/wp\/v2\/pages"}],"about":[{"href":"https:\/\/www.camilaoliveira.net\/blog\/wp-json\/wp\/v2\/types\/page"}],"author":[{"embeddable":true,"href":"https:\/\/www.camilaoliveira.net\/blog\/wp-json\/wp\/v2\/users\/1"}],"replies":[{"embeddable":true,"href":"https:\/\/www.camilaoliveira.net\/blog\/wp-json\/wp\/v2\/comments?post=2"}],"version-history":[{"count":4,"href":"https:\/\/www.camilaoliveira.net\/blog\/wp-json\/wp\/v2\/pages\/2\/revisions"}],"predecessor-version":[{"id":29,"href":"https:\/\/www.camilaoliveira.net\/blog\/wp-json\/wp\/v2\/pages\/2\/revisions\/29"}],"wp:attachment":[{"href":"https:\/\/www.camilaoliveira.net\/blog\/wp-json\/wp\/v2\/media?parent=2"}],"curies":[{"name":"wp","href":"https:\/\/api.w.org\/{rel}","templated":true}]}}